{"id":17,"date":"2025-07-13T10:11:40","date_gmt":"2025-07-13T15:11:40","guid":{"rendered":"https:\/\/distrihelados.com\/sitio\/?page_id=17"},"modified":"2026-03-30T14:43:31","modified_gmt":"2026-03-30T19:43:31","slug":"logical","status":"publish","type":"page","link":"https:\/\/distrihelados.com\/sitio\/index.php\/logical\/","title":{"rendered":"Logical"},"content":{"rendered":"\n\n<!-- Mapa de sedes -->\n<link rel=\"stylesheet\" href=\"https:\/\/unpkg.com\/leaflet\/dist\/leaflet.css\"\/>\n<div id=\"map\" style=\"height:500px; width:100%;\"><\/div>\n<script src=\"https:\/\/unpkg.com\/leaflet\/dist\/leaflet.js\"><\/script>\n<script>\n  \/\/ Crear mapa centrado en Colombia\n  var map = L.map('map', {\n    center: [7.9, -75.8],\n    zoom: 6,\n    maxBounds: [\n      [13.5, -66.8],  \/\/ Norte - Este\n      [-5.0, -81.8]   \/\/ Sur - Oeste\n    ],\n    maxBoundsViscosity: 1.0\n  });\n\n  \/\/ Cargar mapa base (OpenStreetMap)\n  L.tileLayer('https:\/\/{s}.tile.openstreetmap.org\/{z}\/{x}\/{y}.png', {\n    attribution: '&copy; OpenStreetMap contributors'\n  }).addTo(map);\n\n  \/\/ Sedes\n  var sedes = [\n    {nombre: \"Tierralta, C\u00f3rdoba\", coords: [8.1735, -76.0597]},\n    {nombre: \"Sahag\u00fan, C\u00f3rdoba\", coords: [8.9463, -75.4423]},\n    {nombre: \"Ibagu\u00e9, Tolima\", coords: [4.4389, -75.2322]}\n  ];\n\n  \/\/ Agregar marcadores\n  sedes.forEach(function(sede) {\n    L.marker(sede.coords).addTo(map)\n      .bindPopup(\"<b>\" + sede.nombre + \"<\/b>\");\n  });\n<\/script>\n\n\n\n\n<p><a href=\"http:\/\/134.209.163.109\/distrihelados\/tierralta2\/\" data-type=\"link\" data-id=\"http:\/\/134.209.163.109\/distrihelados\/tierralta2\/\" target=\"_blank\" rel=\"noreferrer noopener\">Tierralta<\/a><\/p>\n\n\n\n<p><a href=\"http:\/\/134.209.163.109\/distrihelados\/sahagun\/\" data-type=\"link\" data-id=\"http:\/\/134.209.163.109\/distrihelados\/sahagun\/\" target=\"_blank\" rel=\"noreferrer noopener\">Sahag\u00fan<\/a><\/p>\n\n\n\n<p><a href=\"http:\/\/134.209.163.109\/distrihelados\/ibague\/\">Ibagu\u00e9<\/a><\/p>\n\n\n\n<p><a href=\"http:\/\/134.209.163.109\/distrihelados\/servicio\/\" data-type=\"link\" data-id=\"http:\/\/134.209.163.109\/distrihelados\/servicio\/\" target=\"_blank\" rel=\"noreferrer noopener\">Servicios<\/a><\/p>\n\n\n\n<p><a href=\"http:\/\/134.209.163.109\/distrihelados\/tierralta3\/index.php\" data-type=\"link\" data-id=\"http:\/\/134.209.163.109\/distrihelados\/tierralta3\/index.php\">Almac\u00e9n Tierralta<\/a><\/p>\n\n\n\n<p><\/p>\n\n\n\n<p class=\"has-accent-4-background-color has-background\"><\/p>\n\n\n\n<p><\/p>\n","protected":false},"excerpt":{"rendered":"<p>Tierralta Sahag\u00fan Ibagu\u00e9 Servicios Almac\u00e9n Tierralta<\/p>\n","protected":false},"author":1,"featured_media":0,"parent":0,"menu_order":0,"comment_status":"closed","ping_status":"closed","template":"","meta":{"footnotes":""},"class_list":["post-17","page","type-page","status-publish","hentry"],"_links":{"self":[{"href":"https:\/\/distrihelados.com\/sitio\/index.php\/wp-json\/wp\/v2\/pages\/17","targetHints":{"allow":["GET"]}}],"collection":[{"href":"https:\/\/distrihelados.com\/sitio\/index.php\/wp-json\/wp\/v2\/pages"}],"about":[{"href":"https:\/\/distrihelados.com\/sitio\/index.php\/wp-json\/wp\/v2\/types\/page"}],"author":[{"embeddable":true,"href":"https:\/\/distrihelados.com\/sitio\/index.php\/wp-json\/wp\/v2\/users\/1"}],"replies":[{"embeddable":true,"href":"https:\/\/distrihelados.com\/sitio\/index.php\/wp-json\/wp\/v2\/comments?post=17"}],"version-history":[{"count":8,"href":"https:\/\/distrihelados.com\/sitio\/index.php\/wp-json\/wp\/v2\/pages\/17\/revisions"}],"predecessor-version":[{"id":159,"href":"https:\/\/distrihelados.com\/sitio\/index.php\/wp-json\/wp\/v2\/pages\/17\/revisions\/159"}],"wp:attachment":[{"href":"https:\/\/distrihelados.com\/sitio\/index.php\/wp-json\/wp\/v2\/media?parent=17"}],"curies":[{"name":"wp","href":"https:\/\/api.w.org\/{rel}","templated":true}]}}