{"id":28,"date":"2025-07-26T11:39:56","date_gmt":"2025-07-26T16:39:56","guid":{"rendered":"https:\/\/distrihelados.com\/sitio\/?page_id=28"},"modified":"2026-03-20T14:05:52","modified_gmt":"2026-03-20T19:05:52","slug":"nosotros","status":"publish","type":"page","link":"https:\/\/distrihelados.com\/sitio\/index.php\/nosotros\/","title":{"rendered":"Nosotros"},"content":{"rendered":"\n<p>Historia<\/p>\n\n\n\n<p>Distrihelados es una empresa dedicada a la comercializaci\u00f3n exclusiva de helados de los productos Colombina S.A. Fue creada en 2011, inicialmente con una sede en el municipio de Tierralta, C\u00f3rdoba.<\/p>\n\n\n\n<p>En la actualidad, cuenta con tres sedes: Tierralta y Sahag\u00fan en el departamento de C\u00f3rdoba, e Ibagu\u00e9 en el departamento de Tolima. Estas sedes se ramifican en otros puntos adicionales de venta en distintos municipios y veredas de cada departamento.<\/p>\n\n\n\n<p>Misi\u00f3n<\/p>\n\n\n\n<p>Distrihelados es una empresa que busca con su esfuerzo y dedicaci\u00f3n ser una de las mejores empresas distribuidoras de helados a nivel nacional. Satisfaciendo las necesidades de sus clientes por encima de sus expectativas, brind\u00e1ndoles productos de calidad, y con excelencia en el servicio, coadyuvando al crecimiento sostenido de la empresa y al desarrollo profesional de sus colaboradores.<\/p>\n\n\n\n<p>Visi\u00f3n<\/p>\n\n\n\n<p>Consolidarse como empresa a nivel nacional en los pr\u00f3ximos a\u00f1os convirti\u00e9ndose en la distribuidora de helados preferida por la ciudadan\u00eda en general, manteniendo un excelente nivel de calidad en el servicio y los productos que ofrece, innovando cada d\u00eda para ser financieramente sostenible en el mercado.<\/p>\n\n\n\n<p>Principios<\/p>\n\n\n\n<ul class=\"wp-block-list\">\n<li>Realizar nuestro trabajo con transparencia y rectitud: Promovemos una comunicaci\u00f3n abierta y honesta, tanto interna como externamente, para fomentar la confianza y la colaboraci\u00f3n. Adem\u00e1s, garantizamos que todas nuestras operaciones sean claras. Al actuar con integridad, reforzamos nuestra reputaci\u00f3n y consolidamos relaciones s\u00f3lidas con nuestros clientes, empleados y socios comerciales.<\/li>\n<\/ul>\n\n\n\n<ul class=\"wp-block-list\">\n<li>El servicio es nuestra primera muestra de lealtad: Construimos relaciones s\u00f3lidas con nuestros clientes, basadas en el respeto y la inclusi\u00f3n, sin distinciones de raza, credo u origen social.<\/li>\n<\/ul>\n\n\n\n<ul class=\"wp-block-list\">\n<li>Ser fieles a nuestra ideolog\u00eda de servicio: guiamos cada acci\u00f3n con cercan\u00eda, responsabilidad y vocaci\u00f3n por brindar una experiencia de calidad, ya que para nosotros la atenci\u00f3n al cliente es primordial.<\/li>\n<\/ul>\n\n\n\n<div class=\"wp-block-group is-nowrap is-layout-flex wp-container-core-group-is-layout-6c531013 wp-block-group-is-layout-flex\">\n<ul class=\"wp-block-list\">\n<li>La equidad es el eje de nuestros valores institucionales: Fomentamos un entorno de respeto, desarrollo personal y responsabilidad social, impulsado por el trabajo colectivo y el compromiso compartido.<\/li>\n<\/ul>\n<\/div>\n","protected":false},"excerpt":{"rendered":"<p>Historia Distrihelados es una empresa dedicada a la comercializaci\u00f3n exclusiva de helados de los productos Colombina S.A. Fue creada en 2011, inicialmente con una sede en el municipio de Tierralta, C\u00f3rdoba. En la actualidad, cuenta con tres sedes: Tierralta y Sahag\u00fan en el departamento de C\u00f3rdoba, e Ibagu\u00e9 en el departamento de Tolima. Estas sedes [&hellip;]<\/p>\n","protected":false},"author":1,"featured_media":52,"parent":0,"menu_order":0,"comment_status":"closed","ping_status":"closed","template":"","meta":{"footnotes":""},"class_list":["post-28","page","type-page","status-publish","has-post-thumbnail","hentry"],"_links":{"self":[{"href":"https:\/\/distrihelados.com\/sitio\/index.php\/wp-json\/wp\/v2\/pages\/28","targetHints":{"allow":["GET"]}}],"collection":[{"href":"https:\/\/distrihelados.com\/sitio\/index.php\/wp-json\/wp\/v2\/pages"}],"about":[{"href":"https:\/\/distrihelados.com\/sitio\/index.php\/wp-json\/wp\/v2\/types\/page"}],"author":[{"embeddable":true,"href":"https:\/\/distrihelados.com\/sitio\/index.php\/wp-json\/wp\/v2\/users\/1"}],"replies":[{"embeddable":true,"href":"https:\/\/distrihelados.com\/sitio\/index.php\/wp-json\/wp\/v2\/comments?post=28"}],"version-history":[{"count":4,"href":"https:\/\/distrihelados.com\/sitio\/index.php\/wp-json\/wp\/v2\/pages\/28\/revisions"}],"predecessor-version":[{"id":155,"href":"https:\/\/distrihelados.com\/sitio\/index.php\/wp-json\/wp\/v2\/pages\/28\/revisions\/155"}],"wp:featuredmedia":[{"embeddable":true,"href":"https:\/\/distrihelados.com\/sitio\/index.php\/wp-json\/wp\/v2\/media\/52"}],"wp:attachment":[{"href":"https:\/\/distrihelados.com\/sitio\/index.php\/wp-json\/wp\/v2\/media?parent=28"}],"curies":[{"name":"wp","href":"https:\/\/api.w.org\/{rel}","templated":true}]}}